{"id":28,"date":"2005-10-01T13:08:25","date_gmt":"2005-10-01T12:08:25","guid":{"rendered":"http:\/\/www.guion78.altervista.org\/wordpress\/link\/"},"modified":"2018-02-18T13:56:03","modified_gmt":"2018-02-18T11:56:03","slug":"tools","status":"publish","type":"page","link":"https:\/\/www.guion78.com\/wordpress\/tools\/","title":{"rendered":"UTILITA\u2019"},"content":{"rendered":"<p>===============================================================================<br \/>\nSoftware che consiglio vivamente di avere per mantenere pulito il pc:<\/p>\n<ol>\n<li>Malwarebytes da scaricare solo dal sito <a title=\"malwarebytes\" href=\"http:\/\/it.malwarebytes.org\/\" target=\"_blank\" rel=\"noopener\">Malwarebytes.com<\/a>;<\/li>\n<li>CCleaner dal sito <a title=\"piriform\" href=\"http:\/\/www.piriform.com\/ccleaner\/download\/standard\" target=\"_blank\" rel=\"noopener\">Piriform.com;<\/a><\/li>\n<li>Glaryutilities dal sito <a title=\"glary\" href=\"http:\/\/www.glarysoft.com\/glary-utilities\/download\/\" target=\"_blank\" rel=\"noopener\">Glarysoft.com<\/a>;<\/li>\n<li>Junkware Removal Tool (JRT), acquistato da Malwarebytes e non pi\u00f9 supportato, ora \u00e8 stata rilasciato <a href=\"https:\/\/it.malwarebytes.com\/junkwareremovaltool\/\">adwClean<\/a>;<\/li>\n<\/ol>\n<p style=\"text-align: justify;\">Purtroppo i download sono sempre pi\u00f9 spesso contornati da schifezze e pubblicit\u00e0 ingannevoli, per cui FATE MOLTA ATTENZIONE A DOVE CLICCATE. Attendete anche <span style=\"text-decoration: underline;\">10 secondi<\/span> prima di cliccare su qualche pulsante con scritto downalod perch\u00e8 alle volte gli stessi partono in modo automatico e i pulsanti inseriti sono solo per fregarvi.<\/p>\n<p style=\"text-align: justify;\">Il tools n\u00b0 01 serve per pulire il vostro pc da malware, trojan ecc.<br \/>\nIl tools n\u00b0 02 serve per pulire il registro di windows, i file temporanei e le cache, inoltre permette di gestire i programmi in esecuzione automatica.<br \/>\nIl tools n\u00b0 03 serve per effettuare una pulizia del pc, deframmentare il disco, deframmentare il registro, pulire il registro, ed inoltre ha altre utilit\u00e0 che servono sempre, un tools direi completo e utilissimo (fate attenzione a come lo usate).<br \/>\nIl tools n\u00b0 04 serve per eliminare tutti quei programmini (tipo toolbar, chat, software di spam) che si installano sempre con alcuni programmi tipo java.<\/p>\n<p>================================================================================<\/p>\n<p>\u00a0<\/p>\n<p>Ottimo link che non deve mancare mai sul Bookmarks di un utente Apple : <a title=\"tevac\" href=\"http:\/\/www.tevac.com\">TEVAC<br \/>\n<\/a><br \/>\nOttimo link che non deve mancare mai sul Bookmarks di un utente Windows : <a href=\"http:\/\/www.microsoft.it\">Microsoft<\/a><\/p>\n<p>Link alle news in campo informatico: <a title=\"pc facile\" href=\"http:\/\/www.pc-facile.com\/\">Pc-facile<\/a> e <a title=\"punto informatico\" href=\"http:\/\/punto-informatico.it\/\" target=\"_blank\" rel=\"noopener\">Punto-informatico<\/a><\/p>\n<p>Se vi serve di cercare gli RPM per le distro linux (anche vecchie) usate questo sito: <a title=\"rpm\" href=\"http:\/\/rpm.pbone.net\/\" target=\"_blank\" rel=\"noopener\">RPM search<\/a><\/p>\n<p>Il mio Widget per rimanere sempre aggiornati con le novit\u00e0 del sito lo potete scaricare al seguente <a title=\"widget\" href=\"\/wordpress\/wp-content\/uploads\/2007\/01\/guia-blog.zip\" target=\"_blank\" rel=\"noopener\">link. <\/a><\/p>\n","protected":false},"excerpt":{"rendered":"<p>=============================================================================== Software che consiglio vivamente di avere per mantenere pulito il pc: Malwarebytes da scaricare solo dal sito Malwarebytes.com; CCleaner dal sito Piriform.com; Glaryutilities dal sito Glarysoft.com; Junkware Removal Tool (JRT), acquistato da Malwarebytes e non pi\u00f9 supportato, ora \u00e8 stata rilasciato adwClean; Purtroppo i download sono sempre pi\u00f9 spesso contornati da schifezze e pubblicit\u00e0 [&hellip;]<\/p>\n","protected":false},"author":1,"featured_media":0,"parent":0,"menu_order":6,"comment_status":"closed","ping_status":"closed","template":"white.php","meta":{"_bbp_topic_count":0,"_bbp_reply_count":0,"_bbp_total_topic_count":0,"_bbp_total_reply_count":0,"_bbp_voice_count":0,"_bbp_anonymous_reply_count":0,"_bbp_topic_count_hidden":0,"_bbp_reply_count_hidden":0,"_bbp_forum_subforum_count":0,"ngg_post_thumbnail":0,"footnotes":""},"class_list":["post-28","page","type-page","status-publish","hentry"],"yoast_head":"<!-- This site is optimized with the Yoast SEO plugin v27.4 - https:\/\/yoast.com\/product\/yoast-seo-wordpress\/ -->\n<title>UTILITA&#039; - Guion Matteo<\/title>\n<meta name=\"robots\" content=\"index, follow, max-snippet:-1, max-image-preview:large, max-video-preview:-1\" \/>\n<link rel=\"canonical\" href=\"https:\/\/www.guion78.com\/wordpress\/tools\/\" \/>\n<meta property=\"og:locale\" content=\"it_IT\" \/>\n<meta property=\"og:type\" content=\"article\" \/>\n<meta property=\"og:title\" content=\"UTILITA&#039; - Guion Matteo\" \/>\n<meta property=\"og:description\" content=\"=============================================================================== Software che consiglio vivamente di avere per mantenere pulito il pc: Malwarebytes da scaricare solo dal sito Malwarebytes.com; CCleaner dal sito Piriform.com; Glaryutilities dal sito Glarysoft.com; Junkware Removal Tool (JRT), acquistato da Malwarebytes e non pi\u00f9 supportato, ora \u00e8 stata rilasciato adwClean; Purtroppo i download sono sempre pi\u00f9 spesso contornati da schifezze e pubblicit\u00e0 [&hellip;]\" \/>\n<meta property=\"og:url\" content=\"https:\/\/www.guion78.com\/wordpress\/tools\/\" \/>\n<meta property=\"og:site_name\" content=\"Guion Matteo\" \/>\n<meta property=\"article:publisher\" content=\"https:\/\/www.facebook.com\/BlogMatteoGuion\/\" \/>\n<meta property=\"article:modified_time\" content=\"2018-02-18T11:56:03+00:00\" \/>\n<meta name=\"twitter:label1\" content=\"Tempo di lettura stimato\" \/>\n\t<meta name=\"twitter:data1\" content=\"1 minuto\" \/>\n<script type=\"application\/ld+json\" class=\"yoast-schema-graph\">{\"@context\":\"https:\\\/\\\/schema.org\",\"@graph\":[{\"@type\":\"WebPage\",\"@id\":\"https:\\\/\\\/www.guion78.com\\\/wordpress\\\/tools\\\/\",\"url\":\"https:\\\/\\\/www.guion78.com\\\/wordpress\\\/tools\\\/\",\"name\":\"UTILITA' - Guion Matteo\",\"isPartOf\":{\"@id\":\"https:\\\/\\\/www.guion78.com\\\/wordpress\\\/#website\"},\"datePublished\":\"2005-10-01T12:08:25+00:00\",\"dateModified\":\"2018-02-18T11:56:03+00:00\",\"breadcrumb\":{\"@id\":\"https:\\\/\\\/www.guion78.com\\\/wordpress\\\/tools\\\/#breadcrumb\"},\"inLanguage\":\"it-IT\",\"potentialAction\":[{\"@type\":\"ReadAction\",\"target\":[\"https:\\\/\\\/www.guion78.com\\\/wordpress\\\/tools\\\/\"]}]},{\"@type\":\"BreadcrumbList\",\"@id\":\"https:\\\/\\\/www.guion78.com\\\/wordpress\\\/tools\\\/#breadcrumb\",\"itemListElement\":[{\"@type\":\"ListItem\",\"position\":1,\"name\":\"Home\",\"item\":\"https:\\\/\\\/www.guion78.com\\\/wordpress\\\/\"},{\"@type\":\"ListItem\",\"position\":2,\"name\":\"UTILITA\u2019\"}]},{\"@type\":\"WebSite\",\"@id\":\"https:\\\/\\\/www.guion78.com\\\/wordpress\\\/#website\",\"url\":\"https:\\\/\\\/www.guion78.com\\\/wordpress\\\/\",\"name\":\"Guion Matteo\",\"description\":\"Il Blog ? finalizzato a dare una mano nei problemi informatici di tutti i giorni a tutti quelli a cui pu\u00f2 essere utile, spiegato in modo semplice e passo a passo\",\"potentialAction\":[{\"@type\":\"SearchAction\",\"target\":{\"@type\":\"EntryPoint\",\"urlTemplate\":\"https:\\\/\\\/www.guion78.com\\\/wordpress\\\/?s={search_term_string}\"},\"query-input\":{\"@type\":\"PropertyValueSpecification\",\"valueRequired\":true,\"valueName\":\"search_term_string\"}}],\"inLanguage\":\"it-IT\"}]}<\/script>\n<!-- \/ Yoast SEO plugin. -->","yoast_head_json":{"title":"UTILITA' - Guion Matteo","robots":{"index":"index","follow":"follow","max-snippet":"max-snippet:-1","max-image-preview":"max-image-preview:large","max-video-preview":"max-video-preview:-1"},"canonical":"https:\/\/www.guion78.com\/wordpress\/tools\/","og_locale":"it_IT","og_type":"article","og_title":"UTILITA' - Guion Matteo","og_description":"=============================================================================== Software che consiglio vivamente di avere per mantenere pulito il pc: Malwarebytes da scaricare solo dal sito Malwarebytes.com; CCleaner dal sito Piriform.com; Glaryutilities dal sito Glarysoft.com; Junkware Removal Tool (JRT), acquistato da Malwarebytes e non pi\u00f9 supportato, ora \u00e8 stata rilasciato adwClean; Purtroppo i download sono sempre pi\u00f9 spesso contornati da schifezze e pubblicit\u00e0 [&hellip;]","og_url":"https:\/\/www.guion78.com\/wordpress\/tools\/","og_site_name":"Guion Matteo","article_publisher":"https:\/\/www.facebook.com\/BlogMatteoGuion\/","article_modified_time":"2018-02-18T11:56:03+00:00","twitter_misc":{"Tempo di lettura stimato":"1 minuto"},"schema":{"@context":"https:\/\/schema.org","@graph":[{"@type":"WebPage","@id":"https:\/\/www.guion78.com\/wordpress\/tools\/","url":"https:\/\/www.guion78.com\/wordpress\/tools\/","name":"UTILITA' - Guion Matteo","isPartOf":{"@id":"https:\/\/www.guion78.com\/wordpress\/#website"},"datePublished":"2005-10-01T12:08:25+00:00","dateModified":"2018-02-18T11:56:03+00:00","breadcrumb":{"@id":"https:\/\/www.guion78.com\/wordpress\/tools\/#breadcrumb"},"inLanguage":"it-IT","potentialAction":[{"@type":"ReadAction","target":["https:\/\/www.guion78.com\/wordpress\/tools\/"]}]},{"@type":"BreadcrumbList","@id":"https:\/\/www.guion78.com\/wordpress\/tools\/#breadcrumb","itemListElement":[{"@type":"ListItem","position":1,"name":"Home","item":"https:\/\/www.guion78.com\/wordpress\/"},{"@type":"ListItem","position":2,"name":"UTILITA\u2019"}]},{"@type":"WebSite","@id":"https:\/\/www.guion78.com\/wordpress\/#website","url":"https:\/\/www.guion78.com\/wordpress\/","name":"Guion Matteo","description":"Il Blog ? finalizzato a dare una mano nei problemi informatici di tutti i giorni a tutti quelli a cui pu\u00f2 essere utile, spiegato in modo semplice e passo a passo","potentialAction":[{"@type":"SearchAction","target":{"@type":"EntryPoint","urlTemplate":"https:\/\/www.guion78.com\/wordpress\/?s={search_term_string}"},"query-input":{"@type":"PropertyValueSpecification","valueRequired":true,"valueName":"search_term_string"}}],"inLanguage":"it-IT"}]}},"_links":{"self":[{"href":"https:\/\/www.guion78.com\/wordpress\/wp-json\/wp\/v2\/pages\/28","targetHints":{"allow":["GET"]}}],"collection":[{"href":"https:\/\/www.guion78.com\/wordpress\/wp-json\/wp\/v2\/pages"}],"about":[{"href":"https:\/\/www.guion78.com\/wordpress\/wp-json\/wp\/v2\/types\/page"}],"author":[{"embeddable":true,"href":"https:\/\/www.guion78.com\/wordpress\/wp-json\/wp\/v2\/users\/1"}],"replies":[{"embeddable":true,"href":"https:\/\/www.guion78.com\/wordpress\/wp-json\/wp\/v2\/comments?post=28"}],"version-history":[{"count":0,"href":"https:\/\/www.guion78.com\/wordpress\/wp-json\/wp\/v2\/pages\/28\/revisions"}],"wp:attachment":[{"href":"https:\/\/www.guion78.com\/wordpress\/wp-json\/wp\/v2\/media?parent=28"}],"curies":[{"name":"wp","href":"https:\/\/api.w.org\/{rel}","templated":true}]}}